{"id":728,"date":"2024-11-06T10:22:36","date_gmt":"2024-11-06T10:22:36","guid":{"rendered":"https:\/\/xlargedesign.com\/urun\/kalyon-pv\/"},"modified":"2025-12-18T13:41:03","modified_gmt":"2025-12-18T13:41:03","slug":"kalyon-pv","status":"publish","type":"product","link":"https:\/\/xlargedesign.com\/de\/urun\/kalyon-pv\/","title":{"rendered":"Kalyon &#8211; PV"},"content":{"rendered":"","protected":false},"excerpt":{"rendered":"","protected":false},"featured_media":729,"comment_status":"open","ping_status":"closed","template":"","meta":{"_yoast_wpseo_title":"","_yoast_wpseo_metadesc":"","_yoast_wpseo_focuskw":"","_rank_math_title":"","_rank_math_description":"","_rank_math_focus_keyword":"","rank_math_title":"","rank_math_description":"Machen Sie Ihre Veranstaltung unvergesslich mit langlebigen und funktionalen Messest\u00e4nden. Moderne L\u00f6sungen f\u00fcr maximale Wirkung.","rank_math_focus_keyword":""},"product_brand":[],"product_cat":[48],"product_tag":[],"class_list":{"0":"post-728","1":"product","2":"type-product","3":"status-publish","4":"has-post-thumbnail","6":"product_cat-allgemein","8":"first","9":"instock","10":"shipping-taxable","11":"product-type-simple"},"_links":{"self":[{"href":"https:\/\/xlargedesign.com\/de\/wp-json\/wp\/v2\/product\/728","targetHints":{"allow":["GET"]}}],"collection":[{"href":"https:\/\/xlargedesign.com\/de\/wp-json\/wp\/v2\/product"}],"about":[{"href":"https:\/\/xlargedesign.com\/de\/wp-json\/wp\/v2\/types\/product"}],"replies":[{"embeddable":true,"href":"https:\/\/xlargedesign.com\/de\/wp-json\/wp\/v2\/comments?post=728"}],"wp:featuredmedia":[{"embeddable":true,"href":"https:\/\/xlargedesign.com\/de\/wp-json\/wp\/v2\/media\/729"}],"wp:attachment":[{"href":"https:\/\/xlargedesign.com\/de\/wp-json\/wp\/v2\/media?parent=728"}],"wp:term":[{"taxonomy":"product_brand","embeddable":true,"href":"https:\/\/xlargedesign.com\/de\/wp-json\/wp\/v2\/product_brand?post=728"},{"taxonomy":"product_cat","embeddable":true,"href":"https:\/\/xlargedesign.com\/de\/wp-json\/wp\/v2\/product_cat?post=728"},{"taxonomy":"product_tag","embeddable":true,"href":"https:\/\/xlargedesign.com\/de\/wp-json\/wp\/v2\/product_tag?post=728"}],"curies":[{"name":"wp","href":"https:\/\/api.w.org\/{rel}","templated":true}]}}