{"id":613,"date":"2024-10-23T10:47:39","date_gmt":"2024-10-23T10:47:39","guid":{"rendered":"https:\/\/xlargedesign.com\/karriere\/"},"modified":"2026-03-23T14:19:36","modified_gmt":"2026-03-23T14:19:36","slug":"karriere","status":"publish","type":"page","link":"https:\/\/xlargedesign.com\/de\/karriere\/","title":{"rendered":"Karriere"},"content":{"rendered":"  <div id=\"page-header-2099885857\" class=\"page-header-wrapper\">\n  <div class=\"page-title dark featured-title\">\n\n        <div class=\"page-title-bg\">\n      <div class=\"title-bg fill bg-fill\"\n        data-parallax-container=\".page-title\"\n        data-parallax-background\n        data-parallax=\"-\">\n      <\/div>\n      <div class=\"title-overlay fill\"><\/div>\n    <\/div>\n    \n    <div class=\"page-title-inner container align-center text-center flex-row-col medium-flex-wrap\" >\n              <div class=\"title-wrapper flex-col\">\n          <h1 class=\"entry-title mb-0\">\n            Karriere          <\/h1>\n        <\/div>\n                    <div class=\"title-content flex-col\">\n        <div class=\"title-breadcrumbs pb-half pt-half\"><nav class=\"woocommerce-breadcrumb breadcrumbs uppercase\">Start<\/nav><\/div>      <\/div>\n    <\/div>\n\n     \n<style>\n#page-header-2099885857 .title-bg {\n  background-image: url(https:\/\/xlargedesign.com\/wp-content\/uploads\/2024\/10\/ERL-Fuar-Standi.jpg);\n  background-position: 51% 41%;\n}\n#page-header-2099885857 .title-overlay {\n  background-color: rgba(0, 0, 0, 0.53);\n}\n<\/style>\n  <\/div>\n    <\/div>\n  \n\n\t<section class=\"section\" id=\"section_865856828\">\n\t\t<div class=\"section-bg fill\" >\n\t\t\t\t\t\t\t\t\t\n\t\t\t\n\n\t\t<\/div>\n\n\t\t\n\n\t\t<div class=\"section-content relative\">\n\t\t\t\n<div class=\"row row-small\"  id=\"row-751113959\">\n\n\t<div id=\"col-713572188\" class=\"col medium-3 small-12 large-3\"  data-animate=\"fadeInUp\">\n\t\t<div class=\"is-sticky-column\"><div class=\"is-sticky-column__inner\">\t\t<div class=\"col-inner\"  >\n\t\t\t\n\t\t\t\n\t<div class=\"img has-hover x md-x lg-x y md-y lg-y\" id=\"image_475732464\">\n\t\t\t\t\t\t\t\t<div class=\"img-inner dark\" >\n\t\t\t<img loading=\"lazy\" decoding=\"async\" width=\"500\" height=\"850\" src=\"https:\/\/xlargedesign.com\/wp-content\/uploads\/2024\/10\/Kariyet-Formu.jpg\" class=\"attachment-original size-original\" alt=\"\" srcset=\"https:\/\/xlargedesign.com\/wp-content\/uploads\/2024\/10\/Kariyet-Formu.jpg 500w, https:\/\/xlargedesign.com\/wp-content\/uploads\/2024\/10\/Kariyet-Formu-176x300.jpg 176w\" sizes=\"auto, (max-width: 500px) 100vw, 500px\" title=\"\">\t\t\t\t\t\t\n\t\t\t\t\t<\/div>\n\t\t\t\t\t\t\t\t\n<style>\n#image_475732464 {\n  width: 100%;\n}\n<\/style>\n\t<\/div>\n\t\n\t\t<\/div>\n\t\t<\/div><\/div>\t\t\t<\/div>\n\n\t\n\n\t<div id=\"col-1435451664\" class=\"col medium-9 small-12 large-9\"  data-animate=\"fadeInRight\">\n\t\t\t\t<div class=\"col-inner\" style=\"background-color:rgb(240, 240, 240);\" >\n\t\t\t\n\t\t\t\n\t<div id=\"text-3701024026\" class=\"text\">\n\t\t\n<p><span style=\"background-color: #000; padding: 3px 15px; color: #fff; border-radius: 20px;\"><span style=\"color: #009de2;\">\u25cf<\/span> Bewerbungsformular<br \/>\n<\/span><\/p>\n\t\t\n<style>\n#text-3701024026 {\n  text-align: center;\n}\n<\/style>\n\t<\/div>\n\t\n\n<div class=\"wpcf7 no-js\" id=\"wpcf7-f720-o1\" lang=\"de-DE\" dir=\"ltr\" data-wpcf7-id=\"720\">\n<div class=\"screen-reader-response\"><p role=\"status\" aria-live=\"polite\" aria-atomic=\"true\"><\/p> <ul><\/ul><\/div>\n<form action=\"\/de\/wp-json\/wp\/v2\/pages\/613#wpcf7-f720-o1\" method=\"post\" class=\"wpcf7-form init\" aria-label=\"Kontaktformular\" enctype=\"multipart\/form-data\" novalidate=\"novalidate\" data-status=\"init\">\n<fieldset class=\"hidden-fields-container\"><input type=\"hidden\" name=\"_wpcf7\" value=\"720\" \/><input type=\"hidden\" name=\"_wpcf7_version\" value=\"6.1.5\" \/><input type=\"hidden\" name=\"_wpcf7_locale\" value=\"de_DE\" \/><input type=\"hidden\" name=\"_wpcf7_unit_tag\" value=\"wpcf7-f720-o1\" \/><input type=\"hidden\" name=\"_wpcf7_container_post\" value=\"0\" \/><input type=\"hidden\" name=\"_wpcf7_posted_data_hash\" value=\"\" \/>\n<\/fieldset>\n<p><label> Ihr Name und Nachname<br \/>\n<span class=\"wpcf7-form-control-wrap\" data-name=\"your-name\"><input size=\"40\" maxlength=\"400\" class=\"wpcf7-form-control wpcf7-text wpcf7-validates-as-required\" autocomplete=\"name\" aria-required=\"true\" aria-invalid=\"false\" value=\"\" type=\"text\" name=\"your-name\" \/><\/span> <\/label>\n<\/p>\n<p><label> Ihre E-Mail Adresse<br \/>\n<span class=\"wpcf7-form-control-wrap\" data-name=\"your-email\"><input size=\"40\" maxlength=\"400\" class=\"wpcf7-form-control wpcf7-email wpcf7-validates-as-required wpcf7-text wpcf7-validates-as-email\" autocomplete=\"email\" aria-required=\"true\" aria-invalid=\"false\" value=\"\" type=\"email\" name=\"your-email\" \/><\/span> <\/label>\n<\/p>\n<p><label> Geburtsdatum<br \/>\n<span class=\"wpcf7-form-control-wrap\" data-name=\"dtarihi\"><input class=\"wpcf7-form-control wpcf7-date wpcf7-validates-as-required wpcf7-validates-as-date\" aria-required=\"true\" aria-invalid=\"false\" value=\"\" type=\"date\" name=\"dtarihi\" \/><\/span> <\/label>\n<\/p>\n<p><label> Ort der Geburt<br \/>\n<span class=\"wpcf7-form-control-wrap\" data-name=\"dyeri\"><select class=\"wpcf7-form-control wpcf7-select\" aria-invalid=\"false\" name=\"dyeri\"><option value=\"Adana - 01 Ad\u0131yaman - 02 Afyonkarahisar - 03 A\u011fr\u0131 - 04 Aksaray - 68 Amasya - 05 Ankara - 06 Antalya - 07 Ardahan - 75 Artvin - 08 Ayd\u0131n - 09 Bal\u0131kesir - 10 Bart\u0131n - 74 Bayburt - 69 Bilecik - 11 Bing\u00f6l - 12 Bitlis - 13 Bolu - 14 Burdur - 15 Bursa - 16 \u00c7anakkale - 17 \u00c7ank\u0131r\u0131 - 18 \u00c7orum - 19 Denizli - 20 Diyarbak\u0131r - 21 D\u00fczce - 81 Edirne - 22 Elaz\u0131\u011f - 23 Erzincan - 24 Erzurum - 25 Eski\u015fehir - 26 Gaziantep - 27 Giresun - 28 G\u00fcm\u00fc\u015fhane - 29 Hakkari - 30 Hatay - 31 I\u011fd\u0131r - 76 Isparta - 32 \u0130stanbul - 34 \u0130zmir - 35 Kahramanmara\u015f - 46 Karab\u00fck - 78 Karaman - 70 Kastamonu - 37 Kayseri - 38 K\u0131r\u0131kkale - 71 K\u0131rklareli - 39 K\u0131r\u015fehir - 40 Kilis - 79 Konya - 42 K\u00fctahya - 43 Malatya - 44 Manisa - 45 Mardin - 47 Mu\u011fla - 48 Mu\u015f - 49 Nev\u015fehir - 50 Ni\u011fde - 51 Ordu - 52 Osmaniye - 80 Rize - 53 Sakarya - 54 Samsun - 55 Siirt - 56 Sinop - 57 Sivas - 58 Tekirda\u011f - 59 Tokat - 60 Trabzon - 61 Tunceli - 62 \u015eanl\u0131urfa - 63 U\u015fak - 64 Van - 65 Yalova - 77 Yozgat - 66 Zonguldak - 67 Bursa - 16 Kahramanmara\u015f - 46 Aksaray - 68 Bayburt - 69 D\u00fczce - 81\">Adana - 01 Ad\u0131yaman - 02 Afyonkarahisar - 03 A\u011fr\u0131 - 04 Aksaray - 68 Amasya - 05 Ankara - 06 Antalya - 07 Ardahan - 75 Artvin - 08 Ayd\u0131n - 09 Bal\u0131kesir - 10 Bart\u0131n - 74 Bayburt - 69 Bilecik - 11 Bing\u00f6l - 12 Bitlis - 13 Bolu - 14 Burdur - 15 Bursa - 16 \u00c7anakkale - 17 \u00c7ank\u0131r\u0131 - 18 \u00c7orum - 19 Denizli - 20 Diyarbak\u0131r - 21 D\u00fczce - 81 Edirne - 22 Elaz\u0131\u011f - 23 Erzincan - 24 Erzurum - 25 Eski\u015fehir - 26 Gaziantep - 27 Giresun - 28 G\u00fcm\u00fc\u015fhane - 29 Hakkari - 30 Hatay - 31 I\u011fd\u0131r - 76 Isparta - 32 \u0130stanbul - 34 \u0130zmir - 35 Kahramanmara\u015f - 46 Karab\u00fck - 78 Karaman - 70 Kastamonu - 37 Kayseri - 38 K\u0131r\u0131kkale - 71 K\u0131rklareli - 39 K\u0131r\u015fehir - 40 Kilis - 79 Konya - 42 K\u00fctahya - 43 Malatya - 44 Manisa - 45 Mardin - 47 Mu\u011fla - 48 Mu\u015f - 49 Nev\u015fehir - 50 Ni\u011fde - 51 Ordu - 52 Osmaniye - 80 Rize - 53 Sakarya - 54 Samsun - 55 Siirt - 56 Sinop - 57 Sivas - 58 Tekirda\u011f - 59 Tokat - 60 Trabzon - 61 Tunceli - 62 \u015eanl\u0131urfa - 63 U\u015fak - 64 Van - 65 Yalova - 77 Yozgat - 66 Zonguldak - 67 Bursa - 16 Kahramanmara\u015f - 46 Aksaray - 68 Bayburt - 69 D\u00fczce - 81<\/option><\/select><\/span> <\/label>\n<\/p>\n<p><label> Ihr F\u00fchrerschein<br \/>\n<span class=\"wpcf7-form-control-wrap\" data-name=\"ehliyet\"><select class=\"wpcf7-form-control wpcf7-select wpcf7-validates-as-required\" aria-required=\"true\" aria-invalid=\"false\" name=\"ehliyet\"><option value=\"Nein\">Nein<\/option><option value=\"Ja\">Ja<\/option><option value=\"Pr\u00fcfungsprozess\">Pr\u00fcfungsprozess<\/option><\/select><\/span> <\/label>\n<\/p>\n<p><label> Klasse, falls vorhanden<br \/>\n<span class=\"wpcf7-form-control-wrap\" data-name=\"ehliyetsinifi\"><select class=\"wpcf7-form-control wpcf7-select wpcf7-validates-as-required\" aria-required=\"true\" aria-invalid=\"false\" name=\"ehliyetsinifi\"><option value=\"A1: Kraftr\u00e4der bis 125 ccm\">A1: Kraftr\u00e4der bis 125 ccm<\/option><option value=\"A: Kraftr\u00e4der \u00fcber 125 ccm\">A: Kraftr\u00e4der \u00fcber 125 ccm<\/option><option value=\"B: Kraftfahrzeuge bis zu 3,5 Tonnen (Automobile)\">B: Kraftfahrzeuge bis zu 3,5 Tonnen (Automobile)<\/option><option value=\"B1: Dreir\u00e4drige Kraftfahrzeuge mit einem Gewicht von bis zu 3,5 Tonnen\">B1: Dreir\u00e4drige Kraftfahrzeuge mit einem Gewicht von bis zu 3,5 Tonnen<\/option><option value=\"C1: Kraftfahrzeuge zwischen 3,5 t und 7,5 t\">C1: Kraftfahrzeuge zwischen 3,5 t und 7,5 t<\/option><option value=\"C: Kraftfahrzeuge \u00fcber 3,5 Tonnen (Lastkraftwagen)\">C: Kraftfahrzeuge \u00fcber 3,5 Tonnen (Lastkraftwagen)<\/option><option value=\"D1: Busse mit einer Kapazit\u00e4t von 8 bis 16 Fahrg\u00e4sten\">D1: Busse mit einer Kapazit\u00e4t von 8 bis 16 Fahrg\u00e4sten<\/option><option value=\"D: Kraftfahrzeuge f\u00fcr die Personenbef\u00f6rderung (Busse)\">D: Kraftfahrzeuge f\u00fcr die Personenbef\u00f6rderung (Busse)<\/option><option value=\"E1: Fahrzeuge mit Anh\u00e4nger mit F\u00fchrerschein der Klasse C1\">E1: Fahrzeuge mit Anh\u00e4nger mit F\u00fchrerschein der Klasse C1<\/option><option value=\"E: Kraftfahrzeuge mit Anh\u00e4nger, mit F\u00fchrerschein der Klasse C oder D\">E: Kraftfahrzeuge mit Anh\u00e4nger, mit F\u00fchrerschein der Klasse C oder D<\/option><option value=\"F: Landwirtschaftliche Zugmaschinen und \u00e4hnliche Fahrzeuge\">F: Landwirtschaftliche Zugmaschinen und \u00e4hnliche Fahrzeuge<\/option><option value=\"H: Land- und Baumaschinen\">H: Land- und Baumaschinen<\/option><\/select><\/span> <\/label>\n<\/p>\n<p><label> Bildungsstatus<br \/>\n<span class=\"wpcf7-form-control-wrap\" data-name=\"egitimdurumu\"><select class=\"wpcf7-form-control wpcf7-select wpcf7-validates-as-required\" aria-required=\"true\" aria-invalid=\"false\" name=\"egitimdurumu\"><option value=\"Mittelschule\">Mittelschule<\/option><option value=\"Oberschule\">Oberschule<\/option><option value=\"Associate Degree\">Associate Degree<\/option><option value=\"Lizenz\">Lizenz<\/option><option value=\"Master-Abschluss\">Master-Abschluss<\/option><option value=\"PhD\">PhD<\/option><\/select><\/span> <\/label>\n<\/p>\n<p><label> K\u00f6nnen Sie sich selbst kurz beschreiben?<br \/>\n<span class=\"wpcf7-form-control-wrap\" data-name=\"kendinitanimla\"><textarea cols=\"40\" rows=\"10\" maxlength=\"2000\" class=\"wpcf7-form-control wpcf7-textarea\" aria-invalid=\"false\" name=\"kendinitanimla\"><\/textarea><\/span> <\/label>\n<\/p>\n<p><span class=\"wpcf7-form-control-wrap\" data-name=\"cvek\"><input size=\"40\" class=\"wpcf7-form-control wpcf7-file wpcf7-validates-as-required\" accept=\".doc,.docx,.xls,.xlsx,.pdf,.jpg,.png\" aria-required=\"true\" aria-invalid=\"false\" type=\"file\" name=\"cvek\" \/><\/span>\n<\/p>\n<p><input class=\"wpcf7-form-control wpcf7-submit has-spinner\" type=\"submit\" value=\"Senden Sie\" \/>\n<\/p><div class=\"wpcf7-response-output\" aria-hidden=\"true\"><\/div>\n<\/form>\n<\/div>\n\n\t\t<\/div>\n\t\t\t\t\n<style>\n#col-1435451664 > .col-inner {\n  padding: 30px 50px 20px 50px;\n  border-radius: 10px;\n}\n<\/style>\n\t<\/div>\n\n\t\n<\/div>\n\t\t<\/div>\n\n\t\t\n<style>\n#section_865856828 {\n  padding-top: 70px;\n  padding-bottom: 70px;\n}\n<\/style>\n\t<\/section>\n\t\n","protected":false},"excerpt":{"rendered":"","protected":false},"author":1,"featured_media":0,"parent":0,"menu_order":0,"comment_status":"closed","ping_status":"closed","template":"page-transparent-header-light.php","meta":{"_yoast_wpseo_title":"","_yoast_wpseo_metadesc":"","_yoast_wpseo_focuskw":"","_rank_math_title":"","_rank_math_description":"","_rank_math_focus_keyword":"","rank_math_title":"","rank_math_description":"Steigern Sie Ihre Sichtbarkeit auf Messen mit modernen und kreativen Messest\u00e4nden, die Besucher anziehen und nachhaltig beeindrucken.","rank_math_focus_keyword":"","footnotes":""},"class_list":["post-613","page","type-page","status-publish","hentry"],"_links":{"self":[{"href":"https:\/\/xlargedesign.com\/de\/wp-json\/wp\/v2\/pages\/613","targetHints":{"allow":["GET"]}}],"collection":[{"href":"https:\/\/xlargedesign.com\/de\/wp-json\/wp\/v2\/pages"}],"about":[{"href":"https:\/\/xlargedesign.com\/de\/wp-json\/wp\/v2\/types\/page"}],"author":[{"embeddable":true,"href":"https:\/\/xlargedesign.com\/de\/wp-json\/wp\/v2\/users\/1"}],"replies":[{"embeddable":true,"href":"https:\/\/xlargedesign.com\/de\/wp-json\/wp\/v2\/comments?post=613"}],"version-history":[{"count":4,"href":"https:\/\/xlargedesign.com\/de\/wp-json\/wp\/v2\/pages\/613\/revisions"}],"predecessor-version":[{"id":3171,"href":"https:\/\/xlargedesign.com\/de\/wp-json\/wp\/v2\/pages\/613\/revisions\/3171"}],"wp:attachment":[{"href":"https:\/\/xlargedesign.com\/de\/wp-json\/wp\/v2\/media?parent=613"}],"curies":[{"name":"wp","href":"https:\/\/api.w.org\/{rel}","templated":true}]}}